{"id":4464,"date":"2023-09-05T22:47:10","date_gmt":"2023-09-05T22:47:10","guid":{"rendered":"http:\/\/radiolivre.click\/?page_id=4464"},"modified":"2023-09-24T01:17:02","modified_gmt":"2023-09-24T01:17:02","slug":"mundo","status":"publish","type":"page","link":"https:\/\/radiolivre.click\/index.php\/mundo\/","title":{"rendered":"Mundo"},"content":{"rendered":"\t\t<div data-elementor-type=\"wp-page\" data-elementor-id=\"4464\" class=\"elementor elementor-4464\">\n\t\t\t\t\t\t<div class=\"elementor-inner\">\n\t\t\t\t<div class=\"elementor-section-wrap\">\n\t\t\t\t\t\t\t\t\t<section class=\"elementor-section elementor-top-section elementor-element elementor-element-ba77a58 elementor-section-boxed elementor-section-height-default elementor-section-height-default\" data-id=\"ba77a58\" data-element_type=\"section\">\n\t\t\t\t\t\t<div class=\"elementor-container elementor-column-gap-default\">\n\t\t\t\t\t\t\t<div class=\"elementor-row\">\n\t\t\t\t\t<div class=\"elementor-column elementor-col-100 elementor-top-column elementor-element elementor-element-5013e54\" data-id=\"5013e54\" data-element_type=\"column\">\n\t\t\t<div class=\"elementor-column-wrap\">\n\t\t\t\t\t\t\t<div class=\"elementor-widget-wrap\">\n\t\t\t\t\t\t\t\t<\/div>\n\t\t\t\t\t<\/div>\n\t\t<\/div>\n\t\t\t\t\t\t\t\t<\/div>\n\t\t\t\t\t<\/div>\n\t\t<\/section>\n\t\t\t\t\t\t\t\t\t<\/div>\n\t\t\t<\/div>\n\t\t\t\t\t<\/div>\n\t\t","protected":false},"excerpt":{"rendered":"<p>Mundo 0 EUA nomeiam representante especial para recupera\u00e7\u00e3o econ\u00f3mica da Ucr\u00e2nia Mundo 0 PSG e Al-Hilal finalizam os detalhes finais do acordo para a transfer\u00eancia de Neymar Mundo 0 EUA enviam mais US$ 200 milh\u00f5es em armas para a Ucr\u00e2nia Mundo Nacional 0 TAAG inaugura primeira sede social pr\u00f3pria em Luanda Blog Formato de postagem [&hellip;]<\/p>\n","protected":false},"author":1,"featured_media":0,"parent":0,"menu_order":0,"comment_status":"closed","ping_status":"closed","template":"","meta":{"footnotes":""},"_links":{"self":[{"href":"https:\/\/radiolivre.click\/index.php\/wp-json\/wp\/v2\/pages\/4464"}],"collection":[{"href":"https:\/\/radiolivre.click\/index.php\/wp-json\/wp\/v2\/pages"}],"about":[{"href":"https:\/\/radiolivre.click\/index.php\/wp-json\/wp\/v2\/types\/page"}],"author":[{"embeddable":true,"href":"https:\/\/radiolivre.click\/index.php\/wp-json\/wp\/v2\/users\/1"}],"replies":[{"embeddable":true,"href":"https:\/\/radiolivre.click\/index.php\/wp-json\/wp\/v2\/comments?post=4464"}],"version-history":[{"count":10,"href":"https:\/\/radiolivre.click\/index.php\/wp-json\/wp\/v2\/pages\/4464\/revisions"}],"predecessor-version":[{"id":4905,"href":"https:\/\/radiolivre.click\/index.php\/wp-json\/wp\/v2\/pages\/4464\/revisions\/4905"}],"wp:attachment":[{"href":"https:\/\/radiolivre.click\/index.php\/wp-json\/wp\/v2\/media?parent=4464"}],"curies":[{"name":"wp","href":"https:\/\/api.w.org\/{rel}","templated":true}]}}